{"id":84,"date":"2019-10-14T11:29:50","date_gmt":"2019-10-14T11:29:50","guid":{"rendered":"http:\/\/amse.blitskikker.nl\/?page_id=84"},"modified":"2025-04-03T12:16:54","modified_gmt":"2025-04-03T12:16:54","slug":"conditions-generales","status":"publish","type":"page","link":"https:\/\/amstelseine.com\/fr\/conditions-generales\/","title":{"rendered":"Mentions l\u00e9gales"},"content":{"rendered":"\r\n<h2 class=\"wp-block-heading\"><strong>Responsable de la publication<\/strong><\/h2>\r\n\r\n\r\n\r\n<p>Ce site est \u00e9dit\u00e9 par le cabinet\u00a0<strong>Amstel &amp; Seine Avocats<\/strong>\u00a0sous la direction de Marinka Schillings.<\/p>\r\n\r\n\r\n\r\n<h2 class=\"wp-block-heading\"><strong>Coordonn\u00e9es postales<\/strong><\/h2>\r\n\r\n\r\n\r\n<p><strong>Amstel &amp; Seine Avocats<\/strong><br \/>17 rue de Miromesnil<br \/>75008 Paris<br \/>T\u00e9l : +33 (0)1 85 09 34 80<br \/><br \/>AMSTEL SEINE SELARL &#8211; RCS Paris 813 123 700<\/p>\r\n\r\n\r\n\r\n<h2 class=\"wp-block-heading\"><strong>H\u00e9bergement<\/strong><\/h2>\r\n\r\n\r\n\r\n<p>L&rsquo;h\u00e9bergement de\u00a0<strong>amstelseine.com<\/strong>\u00a0est assur\u00e9 par la soci\u00e9t\u00e9\u00a0<strong><a href=\"https:\/\/blitskikker.nl\" target=\"_blank\" rel=\"noopener\">Blitskikker<\/a>.<\/strong><\/p>\r\n\r\n\r\n\r\n<p>Blitskikker<br \/>Zijlweg 133A<br \/>2015 BE Haarlem<br \/>Pays-Bas<br \/><br \/><\/p>\r\n\r\n\r\n\r\n<ul class=\"wp-block-list\">\r\n<li><strong>Cr\u00e9dits photos :<br \/><\/strong>Dianela Sabova &#8211;\u00a0<a href=\"mailto:daniela.dsd@gmail.com\">daniela.dsd@gmail.com<\/a><br \/>Ferrante Ferranti &#8211;\u00a0<a href=\"mailto:ferranteferranti@gmail.com\">ferranteferranti@gmail.com<\/a>\u00a0&#8211;\u00a0<a href=\"http:\/\/www.ferranteferranti.com\/\" target=\"_blank\" rel=\"noreferrer noopener\">www.ferranteferranti.com<\/a><\/li>\r\n<li><strong>Conception graphique :<\/strong><br \/>Kinuko Asano &#8211; Studio 3 pi\u00e8ces<\/li>\r\n<\/ul>\r\n\r\n\r\n\r\n<h2 class=\"wp-block-heading\"><strong>Contact<\/strong><\/h2>\r\n\r\n\r\n\r\n<p>Pour toute question ou r\u00e9action concernant le site, nous vous invitons \u00e0 nous contacter par\u00a0<a href=\"mailto:marinka.schillings@amstelseine.com\">courrier \u00e9lectronique<\/a>.<\/p>\r\n\r\n\r\n\r\n<h2 class=\"wp-block-heading\">Propri\u00e9t\u00e9 intellectuelle<\/h2>\r\n\r\n\r\n\r\n<p>Le site ainsi que tous les \u00e9l\u00e9ments le composant et notamment : les textes, les images fixes ou anim\u00e9es, les compositions sonores, la charte graphique les logiciels et les bases de donn\u00e9es etc&#8230; sont la propri\u00e9t\u00e9 exclusive du cabinet\u00a0<em>Amstel &amp; Seine Avocats<\/em>\u00a0et sont prot\u00e9g\u00e9s au titre des dispositions du Code de la Propri\u00e9t\u00e9 Intellectuelle.<\/p>\r\n\r\n\r\n\r\n<p>En cons\u00e9quence toute reproduction ou repr\u00e9sentation totale ou partielle de ce site, toute extraction de la base de donn\u00e9es par quelque proc\u00e9d\u00e9 que ce soit, sans l&rsquo;autorisation expresse du cabinet\u00a0<em>Amstel &amp; Seine Avocats<\/em>, est interdite.<\/p>\r\n\r\n\r\n\r\n<p>La m\u00e9connaissance de ces dispositions constituerait une contrefa\u00e7on punissable selon les dispositions du Code de la Propri\u00e9t\u00e9 Intellectuelle et du Code P\u00e9nal. Les marques, noms commerciaux et logos figurant sur ce site sont d\u00e9pos\u00e9s. Leur reproduction totale ou partielle, effectu\u00e9e \u00e0 partir des \u00e9l\u00e9ments du site, est prohib\u00e9e.<\/p>\r\n\r\n\r\n\r\n<h2 class=\"wp-block-heading\">Conditions g\u00e9n\u00e9rales<\/h2>\r\n\r\n\r\n\r\n<p><a href=\"https:\/\/amstelseine.com\/wp-content\/uploads\/CONDITIONS-GENERALES-AS-FR-2025.pdf\" target=\"_blank\" rel=\"noopener\">T\u00e9l\u00e9charger nos Conditions G\u00e9n\u00e9rales de Service.<\/a><\/p>\r\n","protected":false},"excerpt":{"rendered":"<p>Responsable de la publication Ce site est \u00e9dit\u00e9 par le cabinet\u00a0Amstel &amp; Seine Avocats\u00a0sous la direction de Marinka Schillings. Coordonn\u00e9es postales Amstel &amp; Seine Avocats17 rue de Miromesnil75008 ParisT\u00e9l : +33 (0)1 85 09 34 80 AMSTEL SEINE SELARL &#8211; RCS Paris 813 123 700 H\u00e9bergement L&rsquo;h\u00e9bergement de\u00a0amstelseine.com\u00a0est assur\u00e9 par la soci\u00e9t\u00e9\u00a0Blitskikker. BlitskikkerZijlweg 133A2015 BE [&hellip;]<\/p>\n","protected":false},"author":1,"featured_media":268,"parent":0,"menu_order":0,"comment_status":"closed","ping_status":"closed","template":"","meta":{"_acf_changed":false,"footnotes":""},"class_list":["post-84","page","type-page","status-publish","has-post-thumbnail","hentry"],"acf":[],"yoast_head":"<!-- This site is optimized with the Yoast SEO plugin v27.4 - https:\/\/yoast.com\/product\/yoast-seo-wordpress\/ -->\n<title>Mentions l\u00e9gales - Amstel &amp; Seine<\/title>\n<meta name=\"robots\" content=\"index, follow, max-snippet:-1, max-image-preview:large, max-video-preview:-1\" \/>\n<link rel=\"canonical\" href=\"https:\/\/amstelseine.com\/fr\/conditions-generales\/\" \/>\n<meta property=\"og:locale\" content=\"fr_FR\" \/>\n<meta property=\"og:type\" content=\"article\" \/>\n<meta property=\"og:title\" content=\"Mentions l\u00e9gales - Amstel &amp; Seine\" \/>\n<meta property=\"og:description\" content=\"Responsable de la publication Ce site est \u00e9dit\u00e9 par le cabinet\u00a0Amstel &amp; Seine Avocats\u00a0sous la direction de Marinka Schillings. Coordonn\u00e9es postales Amstel &amp; Seine Avocats17 rue de Miromesnil75008 ParisT\u00e9l : +33 (0)1 85 09 34 80 AMSTEL SEINE SELARL &#8211; RCS Paris 813 123 700 H\u00e9bergement L&rsquo;h\u00e9bergement de\u00a0amstelseine.com\u00a0est assur\u00e9 par la soci\u00e9t\u00e9\u00a0Blitskikker. BlitskikkerZijlweg 133A2015 BE [&hellip;]\" \/>\n<meta property=\"og:url\" content=\"https:\/\/amstelseine.com\/fr\/conditions-generales\/\" \/>\n<meta property=\"og:site_name\" content=\"Amstel &amp; Seine\" \/>\n<meta property=\"article:modified_time\" content=\"2025-04-03T12:16:54+00:00\" \/>\n<meta property=\"og:image\" content=\"https:\/\/amstelseine.com\/wp-content\/uploads\/french_flag.jpg\" \/>\n\t<meta property=\"og:image:width\" content=\"2560\" \/>\n\t<meta property=\"og:image:height\" content=\"1920\" \/>\n\t<meta property=\"og:image:type\" content=\"image\/jpeg\" \/>\n<meta name=\"twitter:card\" content=\"summary_large_image\" \/>\n<meta name=\"twitter:label1\" content=\"Dur\u00e9e de lecture estim\u00e9e\" \/>\n\t<meta name=\"twitter:data1\" content=\"2 minutes\" \/>\n<script type=\"application\/ld+json\" class=\"yoast-schema-graph\">{\"@context\":\"https:\\\/\\\/schema.org\",\"@graph\":[{\"@type\":\"WebPage\",\"@id\":\"https:\\\/\\\/amstelseine.com\\\/fr\\\/conditions-generales\\\/\",\"url\":\"https:\\\/\\\/amstelseine.com\\\/fr\\\/conditions-generales\\\/\",\"name\":\"Mentions l\u00e9gales - Amstel &amp; Seine\",\"isPartOf\":{\"@id\":\"https:\\\/\\\/amstelseine.com\\\/fr\\\/#website\"},\"primaryImageOfPage\":{\"@id\":\"https:\\\/\\\/amstelseine.com\\\/fr\\\/conditions-generales\\\/#primaryimage\"},\"image\":{\"@id\":\"https:\\\/\\\/amstelseine.com\\\/fr\\\/conditions-generales\\\/#primaryimage\"},\"thumbnailUrl\":\"https:\\\/\\\/amstelseine.com\\\/wp-content\\\/uploads\\\/french_flag.jpg\",\"datePublished\":\"2019-10-14T11:29:50+00:00\",\"dateModified\":\"2025-04-03T12:16:54+00:00\",\"breadcrumb\":{\"@id\":\"https:\\\/\\\/amstelseine.com\\\/fr\\\/conditions-generales\\\/#breadcrumb\"},\"inLanguage\":\"fr-FR\",\"potentialAction\":[{\"@type\":\"ReadAction\",\"target\":[\"https:\\\/\\\/amstelseine.com\\\/fr\\\/conditions-generales\\\/\"]}]},{\"@type\":\"ImageObject\",\"inLanguage\":\"fr-FR\",\"@id\":\"https:\\\/\\\/amstelseine.com\\\/fr\\\/conditions-generales\\\/#primaryimage\",\"url\":\"https:\\\/\\\/amstelseine.com\\\/wp-content\\\/uploads\\\/french_flag.jpg\",\"contentUrl\":\"https:\\\/\\\/amstelseine.com\\\/wp-content\\\/uploads\\\/french_flag.jpg\",\"width\":2560,\"height\":1920},{\"@type\":\"BreadcrumbList\",\"@id\":\"https:\\\/\\\/amstelseine.com\\\/fr\\\/conditions-generales\\\/#breadcrumb\",\"itemListElement\":[{\"@type\":\"ListItem\",\"position\":1,\"name\":\"Home\",\"item\":\"https:\\\/\\\/amstelseine.com\\\/fr\\\/\"},{\"@type\":\"ListItem\",\"position\":2,\"name\":\"Mentions l\u00e9gales\"}]},{\"@type\":\"WebSite\",\"@id\":\"https:\\\/\\\/amstelseine.com\\\/fr\\\/#website\",\"url\":\"https:\\\/\\\/amstelseine.com\\\/fr\\\/\",\"name\":\"Amstel &amp; Seine\",\"description\":\"En nog een WordPress site\",\"potentialAction\":[{\"@type\":\"SearchAction\",\"target\":{\"@type\":\"EntryPoint\",\"urlTemplate\":\"https:\\\/\\\/amstelseine.com\\\/fr\\\/?s={search_term_string}\"},\"query-input\":{\"@type\":\"PropertyValueSpecification\",\"valueRequired\":true,\"valueName\":\"search_term_string\"}}],\"inLanguage\":\"fr-FR\"}]}<\/script>\n<!-- \/ Yoast SEO plugin. -->","yoast_head_json":{"title":"Mentions l\u00e9gales - Amstel &amp; Seine","robots":{"index":"index","follow":"follow","max-snippet":"max-snippet:-1","max-image-preview":"max-image-preview:large","max-video-preview":"max-video-preview:-1"},"canonical":"https:\/\/amstelseine.com\/fr\/conditions-generales\/","og_locale":"fr_FR","og_type":"article","og_title":"Mentions l\u00e9gales - Amstel &amp; Seine","og_description":"Responsable de la publication Ce site est \u00e9dit\u00e9 par le cabinet\u00a0Amstel &amp; Seine Avocats\u00a0sous la direction de Marinka Schillings. Coordonn\u00e9es postales Amstel &amp; Seine Avocats17 rue de Miromesnil75008 ParisT\u00e9l : +33 (0)1 85 09 34 80 AMSTEL SEINE SELARL &#8211; RCS Paris 813 123 700 H\u00e9bergement L&rsquo;h\u00e9bergement de\u00a0amstelseine.com\u00a0est assur\u00e9 par la soci\u00e9t\u00e9\u00a0Blitskikker. BlitskikkerZijlweg 133A2015 BE [&hellip;]","og_url":"https:\/\/amstelseine.com\/fr\/conditions-generales\/","og_site_name":"Amstel &amp; Seine","article_modified_time":"2025-04-03T12:16:54+00:00","og_image":[{"width":2560,"height":1920,"url":"https:\/\/amstelseine.com\/wp-content\/uploads\/french_flag.jpg","type":"image\/jpeg"}],"twitter_card":"summary_large_image","twitter_misc":{"Dur\u00e9e de lecture estim\u00e9e":"2 minutes"},"schema":{"@context":"https:\/\/schema.org","@graph":[{"@type":"WebPage","@id":"https:\/\/amstelseine.com\/fr\/conditions-generales\/","url":"https:\/\/amstelseine.com\/fr\/conditions-generales\/","name":"Mentions l\u00e9gales - Amstel &amp; Seine","isPartOf":{"@id":"https:\/\/amstelseine.com\/fr\/#website"},"primaryImageOfPage":{"@id":"https:\/\/amstelseine.com\/fr\/conditions-generales\/#primaryimage"},"image":{"@id":"https:\/\/amstelseine.com\/fr\/conditions-generales\/#primaryimage"},"thumbnailUrl":"https:\/\/amstelseine.com\/wp-content\/uploads\/french_flag.jpg","datePublished":"2019-10-14T11:29:50+00:00","dateModified":"2025-04-03T12:16:54+00:00","breadcrumb":{"@id":"https:\/\/amstelseine.com\/fr\/conditions-generales\/#breadcrumb"},"inLanguage":"fr-FR","potentialAction":[{"@type":"ReadAction","target":["https:\/\/amstelseine.com\/fr\/conditions-generales\/"]}]},{"@type":"ImageObject","inLanguage":"fr-FR","@id":"https:\/\/amstelseine.com\/fr\/conditions-generales\/#primaryimage","url":"https:\/\/amstelseine.com\/wp-content\/uploads\/french_flag.jpg","contentUrl":"https:\/\/amstelseine.com\/wp-content\/uploads\/french_flag.jpg","width":2560,"height":1920},{"@type":"BreadcrumbList","@id":"https:\/\/amstelseine.com\/fr\/conditions-generales\/#breadcrumb","itemListElement":[{"@type":"ListItem","position":1,"name":"Home","item":"https:\/\/amstelseine.com\/fr\/"},{"@type":"ListItem","position":2,"name":"Mentions l\u00e9gales"}]},{"@type":"WebSite","@id":"https:\/\/amstelseine.com\/fr\/#website","url":"https:\/\/amstelseine.com\/fr\/","name":"Amstel &amp; Seine","description":"En nog een WordPress site","potentialAction":[{"@type":"SearchAction","target":{"@type":"EntryPoint","urlTemplate":"https:\/\/amstelseine.com\/fr\/?s={search_term_string}"},"query-input":{"@type":"PropertyValueSpecification","valueRequired":true,"valueName":"search_term_string"}}],"inLanguage":"fr-FR"}]}},"_links":{"self":[{"href":"https:\/\/amstelseine.com\/fr\/wp-json\/wp\/v2\/pages\/84","targetHints":{"allow":["GET"]}}],"collection":[{"href":"https:\/\/amstelseine.com\/fr\/wp-json\/wp\/v2\/pages"}],"about":[{"href":"https:\/\/amstelseine.com\/fr\/wp-json\/wp\/v2\/types\/page"}],"author":[{"embeddable":true,"href":"https:\/\/amstelseine.com\/fr\/wp-json\/wp\/v2\/users\/1"}],"replies":[{"embeddable":true,"href":"https:\/\/amstelseine.com\/fr\/wp-json\/wp\/v2\/comments?post=84"}],"version-history":[{"count":17,"href":"https:\/\/amstelseine.com\/fr\/wp-json\/wp\/v2\/pages\/84\/revisions"}],"predecessor-version":[{"id":1297,"href":"https:\/\/amstelseine.com\/fr\/wp-json\/wp\/v2\/pages\/84\/revisions\/1297"}],"wp:featuredmedia":[{"embeddable":true,"href":"https:\/\/amstelseine.com\/fr\/wp-json\/wp\/v2\/media\/268"}],"wp:attachment":[{"href":"https:\/\/amstelseine.com\/fr\/wp-json\/wp\/v2\/media?parent=84"}],"curies":[{"name":"wp","href":"https:\/\/api.w.org\/{rel}","templated":true}]}}