{"id":796,"date":"2021-01-29T13:37:33","date_gmt":"2021-01-29T13:37:33","guid":{"rendered":"https:\/\/amstelseine.com\/?page_id=796"},"modified":"2021-01-29T13:37:33","modified_gmt":"2021-01-29T13:37:33","slug":"disclaimer","status":"publish","type":"page","link":"https:\/\/amstelseine.com\/fr\/disclaimer\/","title":{"rendered":"Disclaimer"},"content":{"rendered":"<p>Cet article est mis en ligne \u00e0 des fins d&rsquo;information du public et n\u2019est pas une consultation juridique. Les articles sur le site sont r\u00e9guli\u00e8rement mis \u00e0 jour, dans la mesure du possible. En raison de l&rsquo;\u00e9volution permanente de la l\u00e9gislation en vigueur, nous ne pouvons toutefois pas garantir son application actuelle et vous invitons \u00e0 nous interroger pour toute question juridique ou probl\u00e8me concernant le th\u00e8me \u00e9voqu\u00e9. En aucun cas le Cabinet Amstel &amp; Seine Avocats ne pourra \u00eatre tenu responsable de l&rsquo;inexactitude et de l&rsquo;obsolescence des articles publi\u00e9s sur ce site.<\/p>\n","protected":false},"excerpt":{"rendered":"<p>Cet article est mis en ligne \u00e0 des fins d&rsquo;information du public et n\u2019est pas une consultation juridique. Les articles sur le site sont r\u00e9guli\u00e8rement mis \u00e0 jour, dans la mesure du possible. En raison de l&rsquo;\u00e9volution permanente de la l\u00e9gislation en vigueur, nous ne pouvons toutefois pas garantir son application actuelle et vous invitons [&hellip;]<\/p>\n","protected":false},"author":1,"featured_media":268,"parent":0,"menu_order":0,"comment_status":"closed","ping_status":"closed","template":"","meta":{"_acf_changed":false,"footnotes":""},"class_list":["post-796","page","type-page","status-publish","has-post-thumbnail","hentry"],"acf":[],"yoast_head":"<!-- This site is optimized with the Yoast SEO plugin v27.5 - https:\/\/yoast.com\/product\/yoast-seo-wordpress\/ -->\n<title>Disclaimer - Amstel &amp; Seine<\/title>\n<meta name=\"robots\" content=\"index, follow, max-snippet:-1, max-image-preview:large, max-video-preview:-1\" \/>\n<link rel=\"canonical\" href=\"https:\/\/amstelseine.com\/fr\/disclaimer\/\" \/>\n<meta property=\"og:locale\" content=\"fr_FR\" \/>\n<meta property=\"og:type\" content=\"article\" \/>\n<meta property=\"og:title\" content=\"Disclaimer - Amstel &amp; Seine\" \/>\n<meta property=\"og:description\" content=\"Cet article est mis en ligne \u00e0 des fins d&rsquo;information du public et n\u2019est pas une consultation juridique. Les articles sur le site sont r\u00e9guli\u00e8rement mis \u00e0 jour, dans la mesure du possible. En raison de l&rsquo;\u00e9volution permanente de la l\u00e9gislation en vigueur, nous ne pouvons toutefois pas garantir son application actuelle et vous invitons [&hellip;]\" \/>\n<meta property=\"og:url\" content=\"https:\/\/amstelseine.com\/fr\/disclaimer\/\" \/>\n<meta property=\"og:site_name\" content=\"Amstel &amp; Seine\" \/>\n<meta property=\"og:image\" content=\"https:\/\/amstelseine.com\/wp-content\/uploads\/french_flag.jpg\" \/>\n\t<meta property=\"og:image:width\" content=\"2560\" \/>\n\t<meta property=\"og:image:height\" content=\"1920\" \/>\n\t<meta property=\"og:image:type\" content=\"image\/jpeg\" \/>\n<meta name=\"twitter:card\" content=\"summary_large_image\" \/>\n<meta name=\"twitter:label1\" content=\"Dur\u00e9e de lecture estim\u00e9e\" \/>\n\t<meta name=\"twitter:data1\" content=\"1 minute\" \/>\n<script type=\"application\/ld+json\" class=\"yoast-schema-graph\">{\"@context\":\"https:\\\/\\\/schema.org\",\"@graph\":[{\"@type\":\"WebPage\",\"@id\":\"https:\\\/\\\/amstelseine.com\\\/fr\\\/disclaimer\\\/\",\"url\":\"https:\\\/\\\/amstelseine.com\\\/fr\\\/disclaimer\\\/\",\"name\":\"Disclaimer - Amstel &amp; Seine\",\"isPartOf\":{\"@id\":\"https:\\\/\\\/amstelseine.com\\\/fr\\\/#website\"},\"primaryImageOfPage\":{\"@id\":\"https:\\\/\\\/amstelseine.com\\\/fr\\\/disclaimer\\\/#primaryimage\"},\"image\":{\"@id\":\"https:\\\/\\\/amstelseine.com\\\/fr\\\/disclaimer\\\/#primaryimage\"},\"thumbnailUrl\":\"https:\\\/\\\/amstelseine.com\\\/wp-content\\\/uploads\\\/french_flag.jpg\",\"datePublished\":\"2021-01-29T13:37:33+00:00\",\"breadcrumb\":{\"@id\":\"https:\\\/\\\/amstelseine.com\\\/fr\\\/disclaimer\\\/#breadcrumb\"},\"inLanguage\":\"fr-FR\",\"potentialAction\":[{\"@type\":\"ReadAction\",\"target\":[\"https:\\\/\\\/amstelseine.com\\\/fr\\\/disclaimer\\\/\"]}]},{\"@type\":\"ImageObject\",\"inLanguage\":\"fr-FR\",\"@id\":\"https:\\\/\\\/amstelseine.com\\\/fr\\\/disclaimer\\\/#primaryimage\",\"url\":\"https:\\\/\\\/amstelseine.com\\\/wp-content\\\/uploads\\\/french_flag.jpg\",\"contentUrl\":\"https:\\\/\\\/amstelseine.com\\\/wp-content\\\/uploads\\\/french_flag.jpg\",\"width\":2560,\"height\":1920},{\"@type\":\"BreadcrumbList\",\"@id\":\"https:\\\/\\\/amstelseine.com\\\/fr\\\/disclaimer\\\/#breadcrumb\",\"itemListElement\":[{\"@type\":\"ListItem\",\"position\":1,\"name\":\"Home\",\"item\":\"https:\\\/\\\/amstelseine.com\\\/fr\\\/\"},{\"@type\":\"ListItem\",\"position\":2,\"name\":\"Disclaimer\"}]},{\"@type\":\"WebSite\",\"@id\":\"https:\\\/\\\/amstelseine.com\\\/fr\\\/#website\",\"url\":\"https:\\\/\\\/amstelseine.com\\\/fr\\\/\",\"name\":\"Amstel &amp; Seine\",\"description\":\"En nog een WordPress site\",\"potentialAction\":[{\"@type\":\"SearchAction\",\"target\":{\"@type\":\"EntryPoint\",\"urlTemplate\":\"https:\\\/\\\/amstelseine.com\\\/fr\\\/?s={search_term_string}\"},\"query-input\":{\"@type\":\"PropertyValueSpecification\",\"valueRequired\":true,\"valueName\":\"search_term_string\"}}],\"inLanguage\":\"fr-FR\"}]}<\/script>\n<!-- \/ Yoast SEO plugin. -->","yoast_head_json":{"title":"Disclaimer - Amstel &amp; Seine","robots":{"index":"index","follow":"follow","max-snippet":"max-snippet:-1","max-image-preview":"max-image-preview:large","max-video-preview":"max-video-preview:-1"},"canonical":"https:\/\/amstelseine.com\/fr\/disclaimer\/","og_locale":"fr_FR","og_type":"article","og_title":"Disclaimer - Amstel &amp; Seine","og_description":"Cet article est mis en ligne \u00e0 des fins d&rsquo;information du public et n\u2019est pas une consultation juridique. Les articles sur le site sont r\u00e9guli\u00e8rement mis \u00e0 jour, dans la mesure du possible. En raison de l&rsquo;\u00e9volution permanente de la l\u00e9gislation en vigueur, nous ne pouvons toutefois pas garantir son application actuelle et vous invitons [&hellip;]","og_url":"https:\/\/amstelseine.com\/fr\/disclaimer\/","og_site_name":"Amstel &amp; Seine","og_image":[{"width":2560,"height":1920,"url":"https:\/\/amstelseine.com\/wp-content\/uploads\/french_flag.jpg","type":"image\/jpeg"}],"twitter_card":"summary_large_image","twitter_misc":{"Dur\u00e9e de lecture estim\u00e9e":"1 minute"},"schema":{"@context":"https:\/\/schema.org","@graph":[{"@type":"WebPage","@id":"https:\/\/amstelseine.com\/fr\/disclaimer\/","url":"https:\/\/amstelseine.com\/fr\/disclaimer\/","name":"Disclaimer - Amstel &amp; Seine","isPartOf":{"@id":"https:\/\/amstelseine.com\/fr\/#website"},"primaryImageOfPage":{"@id":"https:\/\/amstelseine.com\/fr\/disclaimer\/#primaryimage"},"image":{"@id":"https:\/\/amstelseine.com\/fr\/disclaimer\/#primaryimage"},"thumbnailUrl":"https:\/\/amstelseine.com\/wp-content\/uploads\/french_flag.jpg","datePublished":"2021-01-29T13:37:33+00:00","breadcrumb":{"@id":"https:\/\/amstelseine.com\/fr\/disclaimer\/#breadcrumb"},"inLanguage":"fr-FR","potentialAction":[{"@type":"ReadAction","target":["https:\/\/amstelseine.com\/fr\/disclaimer\/"]}]},{"@type":"ImageObject","inLanguage":"fr-FR","@id":"https:\/\/amstelseine.com\/fr\/disclaimer\/#primaryimage","url":"https:\/\/amstelseine.com\/wp-content\/uploads\/french_flag.jpg","contentUrl":"https:\/\/amstelseine.com\/wp-content\/uploads\/french_flag.jpg","width":2560,"height":1920},{"@type":"BreadcrumbList","@id":"https:\/\/amstelseine.com\/fr\/disclaimer\/#breadcrumb","itemListElement":[{"@type":"ListItem","position":1,"name":"Home","item":"https:\/\/amstelseine.com\/fr\/"},{"@type":"ListItem","position":2,"name":"Disclaimer"}]},{"@type":"WebSite","@id":"https:\/\/amstelseine.com\/fr\/#website","url":"https:\/\/amstelseine.com\/fr\/","name":"Amstel &amp; Seine","description":"En nog een WordPress site","potentialAction":[{"@type":"SearchAction","target":{"@type":"EntryPoint","urlTemplate":"https:\/\/amstelseine.com\/fr\/?s={search_term_string}"},"query-input":{"@type":"PropertyValueSpecification","valueRequired":true,"valueName":"search_term_string"}}],"inLanguage":"fr-FR"}]}},"_links":{"self":[{"href":"https:\/\/amstelseine.com\/fr\/wp-json\/wp\/v2\/pages\/796","targetHints":{"allow":["GET"]}}],"collection":[{"href":"https:\/\/amstelseine.com\/fr\/wp-json\/wp\/v2\/pages"}],"about":[{"href":"https:\/\/amstelseine.com\/fr\/wp-json\/wp\/v2\/types\/page"}],"author":[{"embeddable":true,"href":"https:\/\/amstelseine.com\/fr\/wp-json\/wp\/v2\/users\/1"}],"replies":[{"embeddable":true,"href":"https:\/\/amstelseine.com\/fr\/wp-json\/wp\/v2\/comments?post=796"}],"version-history":[{"count":1,"href":"https:\/\/amstelseine.com\/fr\/wp-json\/wp\/v2\/pages\/796\/revisions"}],"predecessor-version":[{"id":797,"href":"https:\/\/amstelseine.com\/fr\/wp-json\/wp\/v2\/pages\/796\/revisions\/797"}],"wp:featuredmedia":[{"embeddable":true,"href":"https:\/\/amstelseine.com\/fr\/wp-json\/wp\/v2\/media\/268"}],"wp:attachment":[{"href":"https:\/\/amstelseine.com\/fr\/wp-json\/wp\/v2\/media?parent=796"}],"curies":[{"name":"wp","href":"https:\/\/api.w.org\/{rel}","templated":true}]}}