{"id":310,"date":"2020-01-14T15:05:51","date_gmt":"2020-01-14T15:05:51","guid":{"rendered":"http:\/\/amse.blitskikker.nl\/?page_id=310"},"modified":"2020-05-12T08:36:23","modified_gmt":"2020-05-12T08:36:23","slug":"competences","status":"publish","type":"page","link":"https:\/\/amstelseine.com\/fr\/competences\/","title":{"rendered":"Comp\u00e9tences"},"content":{"rendered":"\r\n<p>Apr\u00e8s avoir travaill\u00e9 ensemble pendant de nombreuses ann\u00e9es \u00e0 Paris, au sein successivement de deux cabinets n\u00e9erlandais de r\u00e9putation internationale, les fondateurs d\u2019Amstel &amp; Seine Avocats ont d\u00e9cid\u00e9 de cr\u00e9er leur propre structure pour poursuivre une activit\u00e9 de qualit\u00e9 dans le domaine du droit des affaires, orient\u00e9e vers l\u2019international, avec une comp\u00e9tence particuli\u00e8re dans les relations franco-n\u00e9erlandaises et franco-belges. En effet, la capacit\u00e9 d\u2019Amstel &amp; Seine d\u2019assister ses clients dans plusieurs langues, y compris le n\u00e9erlandais, est un atout appr\u00e9ci\u00e9 des entreprises et des particuliers originaires notamment des Pays-Bas et de la Belgique.<\/p>\r\n<p>Ainsi est n\u00e9e une \u00e9quipe ind\u00e9pendante, \u00e0 l\u2019\u00e9coute, r\u00e9active, comp\u00e9tente et exp\u00e9riment\u00e9e.<\/p>\r\n<p>Le cabinet d\u2019Amstel &amp; Seine Avocats couvre principalement les domaines du droit international des affaires, droit des soci\u00e9t\u00e9s, droit du travail, droit immobilier et gestion patrimoniale, droit des contrats, droit de la distribution, droit des proc\u00e9dures collectives, droit des assurances, droit de la responsabilit\u00e9, contentieux et m\u00e9diation.<\/p>\r\n","protected":false},"excerpt":{"rendered":"<p>Apr\u00e8s avoir travaill\u00e9 ensemble pendant de nombreuses ann\u00e9es \u00e0 Paris, au sein successivement de deux cabinets n\u00e9erlandais de r\u00e9putation internationale, les fondateurs d\u2019Amstel &amp; Seine Avocats ont d\u00e9cid\u00e9 de cr\u00e9er leur propre structure pour poursuivre une activit\u00e9 de qualit\u00e9 dans le domaine du droit des affaires, orient\u00e9e vers l\u2019international, avec une comp\u00e9tence particuli\u00e8re dans les [&hellip;]<\/p>\n","protected":false},"author":1,"featured_media":200,"parent":0,"menu_order":0,"comment_status":"closed","ping_status":"closed","template":"","meta":{"_acf_changed":false,"footnotes":""},"class_list":["post-310","page","type-page","status-publish","has-post-thumbnail","hentry"],"acf":[],"yoast_head":"<!-- This site is optimized with the Yoast SEO plugin v27.4 - https:\/\/yoast.com\/product\/yoast-seo-wordpress\/ -->\n<title>Comp\u00e9tences - Amstel &amp; Seine<\/title>\n<meta name=\"robots\" content=\"index, follow, max-snippet:-1, max-image-preview:large, max-video-preview:-1\" \/>\n<link rel=\"canonical\" href=\"https:\/\/amstelseine.com\/fr\/competences\/\" \/>\n<meta property=\"og:locale\" content=\"fr_FR\" \/>\n<meta property=\"og:type\" content=\"article\" \/>\n<meta property=\"og:title\" content=\"Comp\u00e9tences - Amstel &amp; Seine\" \/>\n<meta property=\"og:description\" content=\"Apr\u00e8s avoir travaill\u00e9 ensemble pendant de nombreuses ann\u00e9es \u00e0 Paris, au sein successivement de deux cabinets n\u00e9erlandais de r\u00e9putation internationale, les fondateurs d\u2019Amstel &amp; Seine Avocats ont d\u00e9cid\u00e9 de cr\u00e9er leur propre structure pour poursuivre une activit\u00e9 de qualit\u00e9 dans le domaine du droit des affaires, orient\u00e9e vers l\u2019international, avec une comp\u00e9tence particuli\u00e8re dans les [&hellip;]\" \/>\n<meta property=\"og:url\" content=\"https:\/\/amstelseine.com\/fr\/competences\/\" \/>\n<meta property=\"og:site_name\" content=\"Amstel &amp; Seine\" \/>\n<meta property=\"article:modified_time\" content=\"2020-05-12T08:36:23+00:00\" \/>\n<meta property=\"og:image\" content=\"https:\/\/amstelseine.com\/wp-content\/uploads\/DSC00724-1-1024x683.jpg\" \/>\n\t<meta property=\"og:image:width\" content=\"1024\" \/>\n\t<meta property=\"og:image:height\" content=\"683\" \/>\n\t<meta property=\"og:image:type\" content=\"image\/jpeg\" \/>\n<meta name=\"twitter:card\" content=\"summary_large_image\" \/>\n<meta name=\"twitter:label1\" content=\"Dur\u00e9e de lecture estim\u00e9e\" \/>\n\t<meta name=\"twitter:data1\" content=\"1 minute\" \/>\n<script type=\"application\/ld+json\" class=\"yoast-schema-graph\">{\"@context\":\"https:\\\/\\\/schema.org\",\"@graph\":[{\"@type\":\"WebPage\",\"@id\":\"https:\\\/\\\/amstelseine.com\\\/fr\\\/competences\\\/\",\"url\":\"https:\\\/\\\/amstelseine.com\\\/fr\\\/competences\\\/\",\"name\":\"Comp\u00e9tences - Amstel &amp; Seine\",\"isPartOf\":{\"@id\":\"https:\\\/\\\/amstelseine.com\\\/fr\\\/#website\"},\"primaryImageOfPage\":{\"@id\":\"https:\\\/\\\/amstelseine.com\\\/fr\\\/competences\\\/#primaryimage\"},\"image\":{\"@id\":\"https:\\\/\\\/amstelseine.com\\\/fr\\\/competences\\\/#primaryimage\"},\"thumbnailUrl\":\"https:\\\/\\\/amstelseine.com\\\/wp-content\\\/uploads\\\/DSC00724-1.jpg\",\"datePublished\":\"2020-01-14T15:05:51+00:00\",\"dateModified\":\"2020-05-12T08:36:23+00:00\",\"breadcrumb\":{\"@id\":\"https:\\\/\\\/amstelseine.com\\\/fr\\\/competences\\\/#breadcrumb\"},\"inLanguage\":\"fr-FR\",\"potentialAction\":[{\"@type\":\"ReadAction\",\"target\":[\"https:\\\/\\\/amstelseine.com\\\/fr\\\/competences\\\/\"]}]},{\"@type\":\"ImageObject\",\"inLanguage\":\"fr-FR\",\"@id\":\"https:\\\/\\\/amstelseine.com\\\/fr\\\/competences\\\/#primaryimage\",\"url\":\"https:\\\/\\\/amstelseine.com\\\/wp-content\\\/uploads\\\/DSC00724-1.jpg\",\"contentUrl\":\"https:\\\/\\\/amstelseine.com\\\/wp-content\\\/uploads\\\/DSC00724-1.jpg\",\"width\":2560,\"height\":1707},{\"@type\":\"BreadcrumbList\",\"@id\":\"https:\\\/\\\/amstelseine.com\\\/fr\\\/competences\\\/#breadcrumb\",\"itemListElement\":[{\"@type\":\"ListItem\",\"position\":1,\"name\":\"Home\",\"item\":\"https:\\\/\\\/amstelseine.com\\\/fr\\\/\"},{\"@type\":\"ListItem\",\"position\":2,\"name\":\"Comp\u00e9tences\"}]},{\"@type\":\"WebSite\",\"@id\":\"https:\\\/\\\/amstelseine.com\\\/fr\\\/#website\",\"url\":\"https:\\\/\\\/amstelseine.com\\\/fr\\\/\",\"name\":\"Amstel &amp; Seine\",\"description\":\"En nog een WordPress site\",\"potentialAction\":[{\"@type\":\"SearchAction\",\"target\":{\"@type\":\"EntryPoint\",\"urlTemplate\":\"https:\\\/\\\/amstelseine.com\\\/fr\\\/?s={search_term_string}\"},\"query-input\":{\"@type\":\"PropertyValueSpecification\",\"valueRequired\":true,\"valueName\":\"search_term_string\"}}],\"inLanguage\":\"fr-FR\"}]}<\/script>\n<!-- \/ Yoast SEO plugin. -->","yoast_head_json":{"title":"Comp\u00e9tences - Amstel &amp; Seine","robots":{"index":"index","follow":"follow","max-snippet":"max-snippet:-1","max-image-preview":"max-image-preview:large","max-video-preview":"max-video-preview:-1"},"canonical":"https:\/\/amstelseine.com\/fr\/competences\/","og_locale":"fr_FR","og_type":"article","og_title":"Comp\u00e9tences - Amstel &amp; Seine","og_description":"Apr\u00e8s avoir travaill\u00e9 ensemble pendant de nombreuses ann\u00e9es \u00e0 Paris, au sein successivement de deux cabinets n\u00e9erlandais de r\u00e9putation internationale, les fondateurs d\u2019Amstel &amp; Seine Avocats ont d\u00e9cid\u00e9 de cr\u00e9er leur propre structure pour poursuivre une activit\u00e9 de qualit\u00e9 dans le domaine du droit des affaires, orient\u00e9e vers l\u2019international, avec une comp\u00e9tence particuli\u00e8re dans les [&hellip;]","og_url":"https:\/\/amstelseine.com\/fr\/competences\/","og_site_name":"Amstel &amp; Seine","article_modified_time":"2020-05-12T08:36:23+00:00","og_image":[{"width":1024,"height":683,"url":"https:\/\/amstelseine.com\/wp-content\/uploads\/DSC00724-1-1024x683.jpg","type":"image\/jpeg"}],"twitter_card":"summary_large_image","twitter_misc":{"Dur\u00e9e de lecture estim\u00e9e":"1 minute"},"schema":{"@context":"https:\/\/schema.org","@graph":[{"@type":"WebPage","@id":"https:\/\/amstelseine.com\/fr\/competences\/","url":"https:\/\/amstelseine.com\/fr\/competences\/","name":"Comp\u00e9tences - Amstel &amp; Seine","isPartOf":{"@id":"https:\/\/amstelseine.com\/fr\/#website"},"primaryImageOfPage":{"@id":"https:\/\/amstelseine.com\/fr\/competences\/#primaryimage"},"image":{"@id":"https:\/\/amstelseine.com\/fr\/competences\/#primaryimage"},"thumbnailUrl":"https:\/\/amstelseine.com\/wp-content\/uploads\/DSC00724-1.jpg","datePublished":"2020-01-14T15:05:51+00:00","dateModified":"2020-05-12T08:36:23+00:00","breadcrumb":{"@id":"https:\/\/amstelseine.com\/fr\/competences\/#breadcrumb"},"inLanguage":"fr-FR","potentialAction":[{"@type":"ReadAction","target":["https:\/\/amstelseine.com\/fr\/competences\/"]}]},{"@type":"ImageObject","inLanguage":"fr-FR","@id":"https:\/\/amstelseine.com\/fr\/competences\/#primaryimage","url":"https:\/\/amstelseine.com\/wp-content\/uploads\/DSC00724-1.jpg","contentUrl":"https:\/\/amstelseine.com\/wp-content\/uploads\/DSC00724-1.jpg","width":2560,"height":1707},{"@type":"BreadcrumbList","@id":"https:\/\/amstelseine.com\/fr\/competences\/#breadcrumb","itemListElement":[{"@type":"ListItem","position":1,"name":"Home","item":"https:\/\/amstelseine.com\/fr\/"},{"@type":"ListItem","position":2,"name":"Comp\u00e9tences"}]},{"@type":"WebSite","@id":"https:\/\/amstelseine.com\/fr\/#website","url":"https:\/\/amstelseine.com\/fr\/","name":"Amstel &amp; Seine","description":"En nog een WordPress site","potentialAction":[{"@type":"SearchAction","target":{"@type":"EntryPoint","urlTemplate":"https:\/\/amstelseine.com\/fr\/?s={search_term_string}"},"query-input":{"@type":"PropertyValueSpecification","valueRequired":true,"valueName":"search_term_string"}}],"inLanguage":"fr-FR"}]}},"_links":{"self":[{"href":"https:\/\/amstelseine.com\/fr\/wp-json\/wp\/v2\/pages\/310","targetHints":{"allow":["GET"]}}],"collection":[{"href":"https:\/\/amstelseine.com\/fr\/wp-json\/wp\/v2\/pages"}],"about":[{"href":"https:\/\/amstelseine.com\/fr\/wp-json\/wp\/v2\/types\/page"}],"author":[{"embeddable":true,"href":"https:\/\/amstelseine.com\/fr\/wp-json\/wp\/v2\/users\/1"}],"replies":[{"embeddable":true,"href":"https:\/\/amstelseine.com\/fr\/wp-json\/wp\/v2\/comments?post=310"}],"version-history":[{"count":10,"href":"https:\/\/amstelseine.com\/fr\/wp-json\/wp\/v2\/pages\/310\/revisions"}],"predecessor-version":[{"id":668,"href":"https:\/\/amstelseine.com\/fr\/wp-json\/wp\/v2\/pages\/310\/revisions\/668"}],"wp:featuredmedia":[{"embeddable":true,"href":"https:\/\/amstelseine.com\/fr\/wp-json\/wp\/v2\/media\/200"}],"wp:attachment":[{"href":"https:\/\/amstelseine.com\/fr\/wp-json\/wp\/v2\/media?parent=310"}],"curies":[{"name":"wp","href":"https:\/\/api.w.org\/{rel}","templated":true}]}}