{"id":1014,"date":"2022-12-01T09:08:21","date_gmt":"2022-12-01T09:08:21","guid":{"rendered":"https:\/\/amstelseine.com\/?page_id=1014"},"modified":"2026-01-29T14:04:19","modified_gmt":"2026-01-29T14:04:19","slug":"recrutement","status":"publish","type":"page","link":"https:\/\/amstelseine.com\/fr\/recrutement\/","title":{"rendered":"Recrutement"},"content":{"rendered":"<h2>Offre d\u2019emploi\u00a0: Collaborateur\/trice en contentieux international<\/h2>\n<p class=\"p1\">Le cabinet recherche actuellement <b>un(e) Collaborateur\/trice en contentieux international<\/b> pour renforcer son \u00e9quipe.<\/p>\n<p>Vous interviendrez dans des contentieux \u00e0 caract\u00e8re international et participerez par ailleurs \u00e0 la r\u00e9daction et \u00e0 la n\u00e9gociation de contrats internationaux.<\/p>\n<p class=\"p1\">Vous int\u00e9grerez une \u00e9quipe exp\u00e9riment\u00e9e et dynamique, offrant de r\u00e9elles perspectives de d\u00e9veloppement. Vous exercerez vos missions de fa\u00e7on autonome, tout en b\u00e9n\u00e9ficiant de la supervision et de l\u2019accompagnement d\u2019un avocat exp\u00e9riment\u00e9. Quelques d\u00e9placements sont \u00e0 pr\u00e9voir au cours de l\u2019ann\u00e9e.<\/p>\n<h2>Amstel &amp; Seine :<\/h2>\n<p class=\"p1\">Le cabinet <b>Amstel &amp; Seine Avocats<\/b> est sp\u00e9cialis\u00e9 dans le domaine du droit international des affaires, avec une comp\u00e9tence essentiellement centr\u00e9e sur les relations franco-n\u00e9erlandaises et franco-belges. C\u2019est un cabinet \u00e0 taille humaine, comptant n\u00e9anmoins parmi ses clients une grande vari\u00e9t\u00e9 d\u2019entreprises de grands groupes internationaux.\u00a0 Travailler chez Amstel &amp; Seine vous donnera un cadre o\u00f9 l\u2019\u00e9quilibre entre la vie priv\u00e9e et professionnelle est respect\u00e9 et encourag\u00e9. Cela se traduit notamment par des horaires de travail normaux et la possibilit\u00e9 de faire du t\u00e9l\u00e9travail un jour par semaine.<\/p>\n<h2>R\u00e9mun\u00e9ration\u00a0:<\/h2>\n<p class=\"p1\">La r\u00e9mun\u00e9ration sera fix\u00e9e en fonction de votre exp\u00e9rience, align\u00e9e sur les standards du march\u00e9.<\/p>\n<h2>Votre profil :<\/h2>\n<ul>\n<li>Vous \u00eates titulaire du CAPA avec une exp\u00e9rience de 2 \u00e0 4 ans dans le domaine du contentieux international au sein d\u2019un cabinet d\u2019avocats ou du d\u00e9partement juridique d\u2019un groupe international.<\/li>\n<li>Vous avez une excellente ma\u00eetrise de l&rsquo;anglais juridique, \u00e0 l&rsquo;\u00e9crit et \u00e0 l&rsquo;oral ;<\/li>\n<li>La connaissance d&rsquo;une autre langue \u00e9trang\u00e8re est un atout ;<\/li>\n<li>Vous \u00eates pr\u00e9cis dans votre analyse, votre r\u00e9daction et l\u2019organisation de votre travail ;<\/li>\n<li>Vous \u00eates curieux et enthousiaste.<\/li>\n<\/ul>\n<p class=\"p1\">Notre offre vous int\u00e9resse? Merci d\u2019adresser votre CV et lettre de motivation \u00e0\u00a0: <a href=\"mailto:ilse.bijman@amstelseine.com\"><span class=\"s1\">ilse.bijman@amstelseine.com<\/span><\/a>, avec la r\u00e9f\u00e9rence <i>contentieux A&amp;S.<\/i><i><\/i><\/p>\n","protected":false},"excerpt":{"rendered":"<p>Offre d\u2019emploi\u00a0: Collaborateur\/trice en contentieux international Le cabinet recherche actuellement un(e) Collaborateur\/trice en contentieux international pour renforcer son \u00e9quipe. Vous interviendrez dans des contentieux \u00e0 caract\u00e8re international et participerez par ailleurs \u00e0 la r\u00e9daction et \u00e0 la n\u00e9gociation de contrats internationaux. Vous int\u00e9grerez une \u00e9quipe exp\u00e9riment\u00e9e et dynamique, offrant de r\u00e9elles perspectives de d\u00e9veloppement. Vous [&hellip;]<\/p>\n","protected":false},"author":1,"featured_media":233,"parent":0,"menu_order":0,"comment_status":"closed","ping_status":"closed","template":"","meta":{"_acf_changed":false,"footnotes":""},"class_list":["post-1014","page","type-page","status-publish","has-post-thumbnail","hentry"],"acf":[],"yoast_head":"<!-- This site is optimized with the Yoast SEO plugin v27.4 - https:\/\/yoast.com\/product\/yoast-seo-wordpress\/ -->\n<title>Recrutement - Amstel &amp; Seine<\/title>\n<meta name=\"robots\" content=\"index, follow, max-snippet:-1, max-image-preview:large, max-video-preview:-1\" \/>\n<link rel=\"canonical\" href=\"https:\/\/amstelseine.com\/fr\/recrutement\/\" \/>\n<meta property=\"og:locale\" content=\"fr_FR\" \/>\n<meta property=\"og:type\" content=\"article\" \/>\n<meta property=\"og:title\" content=\"Recrutement - Amstel &amp; Seine\" \/>\n<meta property=\"og:description\" content=\"Offre d\u2019emploi\u00a0: Collaborateur\/trice en contentieux international Le cabinet recherche actuellement un(e) Collaborateur\/trice en contentieux international pour renforcer son \u00e9quipe. Vous interviendrez dans des contentieux \u00e0 caract\u00e8re international et participerez par ailleurs \u00e0 la r\u00e9daction et \u00e0 la n\u00e9gociation de contrats internationaux. Vous int\u00e9grerez une \u00e9quipe exp\u00e9riment\u00e9e et dynamique, offrant de r\u00e9elles perspectives de d\u00e9veloppement. Vous [&hellip;]\" \/>\n<meta property=\"og:url\" content=\"https:\/\/amstelseine.com\/fr\/recrutement\/\" \/>\n<meta property=\"og:site_name\" content=\"Amstel &amp; Seine\" \/>\n<meta property=\"article:modified_time\" content=\"2026-01-29T14:04:19+00:00\" \/>\n<meta property=\"og:image\" content=\"https:\/\/amstelseine.com\/wp-content\/uploads\/DSCF8251-1.jpg\" \/>\n\t<meta property=\"og:image:width\" content=\"2560\" \/>\n\t<meta property=\"og:image:height\" content=\"1757\" \/>\n\t<meta property=\"og:image:type\" content=\"image\/jpeg\" \/>\n<meta name=\"twitter:card\" content=\"summary_large_image\" \/>\n<meta name=\"twitter:label1\" content=\"Dur\u00e9e de lecture estim\u00e9e\" \/>\n\t<meta name=\"twitter:data1\" content=\"2 minutes\" \/>\n<script type=\"application\/ld+json\" class=\"yoast-schema-graph\">{\"@context\":\"https:\\\/\\\/schema.org\",\"@graph\":[{\"@type\":\"WebPage\",\"@id\":\"https:\\\/\\\/amstelseine.com\\\/fr\\\/recrutement\\\/\",\"url\":\"https:\\\/\\\/amstelseine.com\\\/fr\\\/recrutement\\\/\",\"name\":\"Recrutement - Amstel &amp; Seine\",\"isPartOf\":{\"@id\":\"https:\\\/\\\/amstelseine.com\\\/fr\\\/#website\"},\"primaryImageOfPage\":{\"@id\":\"https:\\\/\\\/amstelseine.com\\\/fr\\\/recrutement\\\/#primaryimage\"},\"image\":{\"@id\":\"https:\\\/\\\/amstelseine.com\\\/fr\\\/recrutement\\\/#primaryimage\"},\"thumbnailUrl\":\"https:\\\/\\\/amstelseine.com\\\/wp-content\\\/uploads\\\/DSCF8251-1.jpg\",\"datePublished\":\"2022-12-01T09:08:21+00:00\",\"dateModified\":\"2026-01-29T14:04:19+00:00\",\"breadcrumb\":{\"@id\":\"https:\\\/\\\/amstelseine.com\\\/fr\\\/recrutement\\\/#breadcrumb\"},\"inLanguage\":\"fr-FR\",\"potentialAction\":[{\"@type\":\"ReadAction\",\"target\":[\"https:\\\/\\\/amstelseine.com\\\/fr\\\/recrutement\\\/\"]}]},{\"@type\":\"ImageObject\",\"inLanguage\":\"fr-FR\",\"@id\":\"https:\\\/\\\/amstelseine.com\\\/fr\\\/recrutement\\\/#primaryimage\",\"url\":\"https:\\\/\\\/amstelseine.com\\\/wp-content\\\/uploads\\\/DSCF8251-1.jpg\",\"contentUrl\":\"https:\\\/\\\/amstelseine.com\\\/wp-content\\\/uploads\\\/DSCF8251-1.jpg\",\"width\":2560,\"height\":1757},{\"@type\":\"BreadcrumbList\",\"@id\":\"https:\\\/\\\/amstelseine.com\\\/fr\\\/recrutement\\\/#breadcrumb\",\"itemListElement\":[{\"@type\":\"ListItem\",\"position\":1,\"name\":\"Home\",\"item\":\"https:\\\/\\\/amstelseine.com\\\/fr\\\/\"},{\"@type\":\"ListItem\",\"position\":2,\"name\":\"Recrutement\"}]},{\"@type\":\"WebSite\",\"@id\":\"https:\\\/\\\/amstelseine.com\\\/fr\\\/#website\",\"url\":\"https:\\\/\\\/amstelseine.com\\\/fr\\\/\",\"name\":\"Amstel &amp; Seine\",\"description\":\"En nog een WordPress site\",\"potentialAction\":[{\"@type\":\"SearchAction\",\"target\":{\"@type\":\"EntryPoint\",\"urlTemplate\":\"https:\\\/\\\/amstelseine.com\\\/fr\\\/?s={search_term_string}\"},\"query-input\":{\"@type\":\"PropertyValueSpecification\",\"valueRequired\":true,\"valueName\":\"search_term_string\"}}],\"inLanguage\":\"fr-FR\"}]}<\/script>\n<!-- \/ Yoast SEO plugin. -->","yoast_head_json":{"title":"Recrutement - Amstel &amp; Seine","robots":{"index":"index","follow":"follow","max-snippet":"max-snippet:-1","max-image-preview":"max-image-preview:large","max-video-preview":"max-video-preview:-1"},"canonical":"https:\/\/amstelseine.com\/fr\/recrutement\/","og_locale":"fr_FR","og_type":"article","og_title":"Recrutement - Amstel &amp; Seine","og_description":"Offre d\u2019emploi\u00a0: Collaborateur\/trice en contentieux international Le cabinet recherche actuellement un(e) Collaborateur\/trice en contentieux international pour renforcer son \u00e9quipe. Vous interviendrez dans des contentieux \u00e0 caract\u00e8re international et participerez par ailleurs \u00e0 la r\u00e9daction et \u00e0 la n\u00e9gociation de contrats internationaux. Vous int\u00e9grerez une \u00e9quipe exp\u00e9riment\u00e9e et dynamique, offrant de r\u00e9elles perspectives de d\u00e9veloppement. Vous [&hellip;]","og_url":"https:\/\/amstelseine.com\/fr\/recrutement\/","og_site_name":"Amstel &amp; Seine","article_modified_time":"2026-01-29T14:04:19+00:00","og_image":[{"width":2560,"height":1757,"url":"https:\/\/amstelseine.com\/wp-content\/uploads\/DSCF8251-1.jpg","type":"image\/jpeg"}],"twitter_card":"summary_large_image","twitter_misc":{"Dur\u00e9e de lecture estim\u00e9e":"2 minutes"},"schema":{"@context":"https:\/\/schema.org","@graph":[{"@type":"WebPage","@id":"https:\/\/amstelseine.com\/fr\/recrutement\/","url":"https:\/\/amstelseine.com\/fr\/recrutement\/","name":"Recrutement - Amstel &amp; Seine","isPartOf":{"@id":"https:\/\/amstelseine.com\/fr\/#website"},"primaryImageOfPage":{"@id":"https:\/\/amstelseine.com\/fr\/recrutement\/#primaryimage"},"image":{"@id":"https:\/\/amstelseine.com\/fr\/recrutement\/#primaryimage"},"thumbnailUrl":"https:\/\/amstelseine.com\/wp-content\/uploads\/DSCF8251-1.jpg","datePublished":"2022-12-01T09:08:21+00:00","dateModified":"2026-01-29T14:04:19+00:00","breadcrumb":{"@id":"https:\/\/amstelseine.com\/fr\/recrutement\/#breadcrumb"},"inLanguage":"fr-FR","potentialAction":[{"@type":"ReadAction","target":["https:\/\/amstelseine.com\/fr\/recrutement\/"]}]},{"@type":"ImageObject","inLanguage":"fr-FR","@id":"https:\/\/amstelseine.com\/fr\/recrutement\/#primaryimage","url":"https:\/\/amstelseine.com\/wp-content\/uploads\/DSCF8251-1.jpg","contentUrl":"https:\/\/amstelseine.com\/wp-content\/uploads\/DSCF8251-1.jpg","width":2560,"height":1757},{"@type":"BreadcrumbList","@id":"https:\/\/amstelseine.com\/fr\/recrutement\/#breadcrumb","itemListElement":[{"@type":"ListItem","position":1,"name":"Home","item":"https:\/\/amstelseine.com\/fr\/"},{"@type":"ListItem","position":2,"name":"Recrutement"}]},{"@type":"WebSite","@id":"https:\/\/amstelseine.com\/fr\/#website","url":"https:\/\/amstelseine.com\/fr\/","name":"Amstel &amp; Seine","description":"En nog een WordPress site","potentialAction":[{"@type":"SearchAction","target":{"@type":"EntryPoint","urlTemplate":"https:\/\/amstelseine.com\/fr\/?s={search_term_string}"},"query-input":{"@type":"PropertyValueSpecification","valueRequired":true,"valueName":"search_term_string"}}],"inLanguage":"fr-FR"}]}},"_links":{"self":[{"href":"https:\/\/amstelseine.com\/fr\/wp-json\/wp\/v2\/pages\/1014","targetHints":{"allow":["GET"]}}],"collection":[{"href":"https:\/\/amstelseine.com\/fr\/wp-json\/wp\/v2\/pages"}],"about":[{"href":"https:\/\/amstelseine.com\/fr\/wp-json\/wp\/v2\/types\/page"}],"author":[{"embeddable":true,"href":"https:\/\/amstelseine.com\/fr\/wp-json\/wp\/v2\/users\/1"}],"replies":[{"embeddable":true,"href":"https:\/\/amstelseine.com\/fr\/wp-json\/wp\/v2\/comments?post=1014"}],"version-history":[{"count":11,"href":"https:\/\/amstelseine.com\/fr\/wp-json\/wp\/v2\/pages\/1014\/revisions"}],"predecessor-version":[{"id":1384,"href":"https:\/\/amstelseine.com\/fr\/wp-json\/wp\/v2\/pages\/1014\/revisions\/1384"}],"wp:featuredmedia":[{"embeddable":true,"href":"https:\/\/amstelseine.com\/fr\/wp-json\/wp\/v2\/media\/233"}],"wp:attachment":[{"href":"https:\/\/amstelseine.com\/fr\/wp-json\/wp\/v2\/media?parent=1014"}],"curies":[{"name":"wp","href":"https:\/\/api.w.org\/{rel}","templated":true}]}}