{"id":57,"date":"2019-10-14T09:56:23","date_gmt":"2019-10-14T09:56:23","guid":{"rendered":"http:\/\/amse.blitskikker.nl\/?page_id=57"},"modified":"2019-10-14T09:56:24","modified_gmt":"2019-10-14T09:56:24","slug":"amstel-seine-avocats","status":"publish","type":"page","link":"https:\/\/amstelseine.com\/en\/amstel-seine-avocats\/","title":{"rendered":"Amstel &#038; Seine Avocats"},"content":{"rendered":"\n<p><strong>Metro:<\/strong><\/p>\n\n\n\n<ul class=\"wp-block-list\"><li>Line 1: Champs-Elys\u00e9es &#8211; Cl\u00e9menceau<\/li><li>Line 9: Franklin D. Roosevelt<\/li><\/ul>\n\n\n\n<p><strong>Car parks:<\/strong><\/p>\n\n\n\n<ul class=\"wp-block-list\"><li>Parking Q-Park Tour Maubourg (45 Quai d&#8217;Orsay, 75007 Paris)<\/li><li>Parking Fran\u00e7ois 1er (24 Rue Fran\u00e7ois 1er, 75008 Paris)<\/li><li>Parking Rond Point des Champs Elys\u00e9es (3 Avenue Matignon, 75008 Paris)<\/li><\/ul>\n\n\n\n<p><\/p>\n","protected":false},"excerpt":{"rendered":"<p>Metro: Line 1: Champs-Elys\u00e9es &#8211; Cl\u00e9menceau Line 9: Franklin D. Roosevelt Car parks: Parking Q-Park Tour Maubourg (45 Quai d&#8217;Orsay, 75007 Paris) Parking Fran\u00e7ois 1er (24 Rue Fran\u00e7ois 1er, 75008 Paris) Parking Rond Point des Champs Elys\u00e9es (3 Avenue Matignon, 75008 Paris)<\/p>\n","protected":false},"author":1,"featured_media":0,"parent":0,"menu_order":0,"comment_status":"closed","ping_status":"closed","template":"","meta":{"_acf_changed":false,"footnotes":""},"class_list":["post-57","page","type-page","status-publish","hentry"],"acf":[],"yoast_head":"<!-- This site is optimized with the Yoast SEO plugin v27.5 - https:\/\/yoast.com\/product\/yoast-seo-wordpress\/ -->\n<title>Amstel &amp; Seine Avocats - Amstel &amp; Seine<\/title>\n<meta name=\"robots\" content=\"index, follow, max-snippet:-1, max-image-preview:large, max-video-preview:-1\" \/>\n<link rel=\"canonical\" href=\"https:\/\/amstelseine.com\/en\/amstel-seine-avocats\/\" \/>\n<meta property=\"og:locale\" content=\"en_US\" \/>\n<meta property=\"og:type\" content=\"article\" \/>\n<meta property=\"og:title\" content=\"Amstel &amp; Seine Avocats - Amstel &amp; Seine\" \/>\n<meta property=\"og:description\" content=\"Metro: Line 1: Champs-Elys\u00e9es &#8211; Cl\u00e9menceau Line 9: Franklin D. Roosevelt Car parks: Parking Q-Park Tour Maubourg (45 Quai d&#8217;Orsay, 75007 Paris) Parking Fran\u00e7ois 1er (24 Rue Fran\u00e7ois 1er, 75008 Paris) Parking Rond Point des Champs Elys\u00e9es (3 Avenue Matignon, 75008 Paris)\" \/>\n<meta property=\"og:url\" content=\"https:\/\/amstelseine.com\/en\/amstel-seine-avocats\/\" \/>\n<meta property=\"og:site_name\" content=\"Amstel &amp; Seine\" \/>\n<meta property=\"article:modified_time\" content=\"2019-10-14T09:56:24+00:00\" \/>\n<meta name=\"twitter:card\" content=\"summary_large_image\" \/>\n<script type=\"application\/ld+json\" class=\"yoast-schema-graph\">{\"@context\":\"https:\\\/\\\/schema.org\",\"@graph\":[{\"@type\":\"WebPage\",\"@id\":\"https:\\\/\\\/amstelseine.com\\\/en\\\/amstel-seine-avocats\\\/\",\"url\":\"https:\\\/\\\/amstelseine.com\\\/en\\\/amstel-seine-avocats\\\/\",\"name\":\"Amstel & Seine Avocats - Amstel &amp; Seine\",\"isPartOf\":{\"@id\":\"https:\\\/\\\/amstelseine.com\\\/en\\\/#website\"},\"datePublished\":\"2019-10-14T09:56:23+00:00\",\"dateModified\":\"2019-10-14T09:56:24+00:00\",\"breadcrumb\":{\"@id\":\"https:\\\/\\\/amstelseine.com\\\/en\\\/amstel-seine-avocats\\\/#breadcrumb\"},\"inLanguage\":\"en-US\",\"potentialAction\":[{\"@type\":\"ReadAction\",\"target\":[\"https:\\\/\\\/amstelseine.com\\\/en\\\/amstel-seine-avocats\\\/\"]}]},{\"@type\":\"BreadcrumbList\",\"@id\":\"https:\\\/\\\/amstelseine.com\\\/en\\\/amstel-seine-avocats\\\/#breadcrumb\",\"itemListElement\":[{\"@type\":\"ListItem\",\"position\":1,\"name\":\"Home\",\"item\":\"https:\\\/\\\/amstelseine.com\\\/en\\\/\"},{\"@type\":\"ListItem\",\"position\":2,\"name\":\"Amstel &#038; Seine Avocats\"}]},{\"@type\":\"WebSite\",\"@id\":\"https:\\\/\\\/amstelseine.com\\\/en\\\/#website\",\"url\":\"https:\\\/\\\/amstelseine.com\\\/en\\\/\",\"name\":\"Amstel &amp; Seine\",\"description\":\"En nog een WordPress site\",\"potentialAction\":[{\"@type\":\"SearchAction\",\"target\":{\"@type\":\"EntryPoint\",\"urlTemplate\":\"https:\\\/\\\/amstelseine.com\\\/en\\\/?s={search_term_string}\"},\"query-input\":{\"@type\":\"PropertyValueSpecification\",\"valueRequired\":true,\"valueName\":\"search_term_string\"}}],\"inLanguage\":\"en-US\"}]}<\/script>\n<!-- \/ Yoast SEO plugin. -->","yoast_head_json":{"title":"Amstel & Seine Avocats - Amstel &amp; Seine","robots":{"index":"index","follow":"follow","max-snippet":"max-snippet:-1","max-image-preview":"max-image-preview:large","max-video-preview":"max-video-preview:-1"},"canonical":"https:\/\/amstelseine.com\/en\/amstel-seine-avocats\/","og_locale":"en_US","og_type":"article","og_title":"Amstel & Seine Avocats - Amstel &amp; Seine","og_description":"Metro: Line 1: Champs-Elys\u00e9es &#8211; Cl\u00e9menceau Line 9: Franklin D. Roosevelt Car parks: Parking Q-Park Tour Maubourg (45 Quai d&#8217;Orsay, 75007 Paris) Parking Fran\u00e7ois 1er (24 Rue Fran\u00e7ois 1er, 75008 Paris) Parking Rond Point des Champs Elys\u00e9es (3 Avenue Matignon, 75008 Paris)","og_url":"https:\/\/amstelseine.com\/en\/amstel-seine-avocats\/","og_site_name":"Amstel &amp; Seine","article_modified_time":"2019-10-14T09:56:24+00:00","twitter_card":"summary_large_image","schema":{"@context":"https:\/\/schema.org","@graph":[{"@type":"WebPage","@id":"https:\/\/amstelseine.com\/en\/amstel-seine-avocats\/","url":"https:\/\/amstelseine.com\/en\/amstel-seine-avocats\/","name":"Amstel & Seine Avocats - Amstel &amp; Seine","isPartOf":{"@id":"https:\/\/amstelseine.com\/en\/#website"},"datePublished":"2019-10-14T09:56:23+00:00","dateModified":"2019-10-14T09:56:24+00:00","breadcrumb":{"@id":"https:\/\/amstelseine.com\/en\/amstel-seine-avocats\/#breadcrumb"},"inLanguage":"en-US","potentialAction":[{"@type":"ReadAction","target":["https:\/\/amstelseine.com\/en\/amstel-seine-avocats\/"]}]},{"@type":"BreadcrumbList","@id":"https:\/\/amstelseine.com\/en\/amstel-seine-avocats\/#breadcrumb","itemListElement":[{"@type":"ListItem","position":1,"name":"Home","item":"https:\/\/amstelseine.com\/en\/"},{"@type":"ListItem","position":2,"name":"Amstel &#038; Seine Avocats"}]},{"@type":"WebSite","@id":"https:\/\/amstelseine.com\/en\/#website","url":"https:\/\/amstelseine.com\/en\/","name":"Amstel &amp; Seine","description":"En nog een WordPress site","potentialAction":[{"@type":"SearchAction","target":{"@type":"EntryPoint","urlTemplate":"https:\/\/amstelseine.com\/en\/?s={search_term_string}"},"query-input":{"@type":"PropertyValueSpecification","valueRequired":true,"valueName":"search_term_string"}}],"inLanguage":"en-US"}]}},"_links":{"self":[{"href":"https:\/\/amstelseine.com\/en\/wp-json\/wp\/v2\/pages\/57","targetHints":{"allow":["GET"]}}],"collection":[{"href":"https:\/\/amstelseine.com\/en\/wp-json\/wp\/v2\/pages"}],"about":[{"href":"https:\/\/amstelseine.com\/en\/wp-json\/wp\/v2\/types\/page"}],"author":[{"embeddable":true,"href":"https:\/\/amstelseine.com\/en\/wp-json\/wp\/v2\/users\/1"}],"replies":[{"embeddable":true,"href":"https:\/\/amstelseine.com\/en\/wp-json\/wp\/v2\/comments?post=57"}],"version-history":[{"count":1,"href":"https:\/\/amstelseine.com\/en\/wp-json\/wp\/v2\/pages\/57\/revisions"}],"predecessor-version":[{"id":58,"href":"https:\/\/amstelseine.com\/en\/wp-json\/wp\/v2\/pages\/57\/revisions\/58"}],"wp:attachment":[{"href":"https:\/\/amstelseine.com\/en\/wp-json\/wp\/v2\/media?parent=57"}],"curies":[{"name":"wp","href":"https:\/\/api.w.org\/{rel}","templated":true}]}}